{"id":5825,"date":"2024-03-28T13:15:21","date_gmt":"2024-03-28T13:15:21","guid":{"rendered":"https:\/\/redstone.designermints.com\/?page_id=5825"},"modified":"2024-03-29T11:11:47","modified_gmt":"2024-03-29T11:11:47","slug":"company","status":"publish","type":"page","link":"https:\/\/redstone.hu\/hun\/company\/","title":{"rendered":"V\u00e1llalat"},"content":{"rendered":"<div class=\"wpb-content-wrapper\"><div data-vc-full-width=\"true\" data-vc-full-width-init=\"false\" class=\"vc_row wpb_row vc_row-fluid vc_custom_1711632675436 vc_row-o-equal-height vc_row-o-content-middle vc_row-flex\"><div class=\"pr-md-5 vc_order-2 wpb_column vc_column_container vc_col-sm-6\"><div class=\"vc_column-inner\"><div class=\"wpb_wrapper\"><div class=\"section-title-wrapper shortcode-rand-2 breno-inline-css\" data-css=\"&quot;.shortcode-rand-2 .background-title { font-family:Dancing Script;font-weight:700;font-style:normal }.shortcode-rand-2 .background-title { color: #f0f0f0; }.shortcode-rand-2 .title-separator.separator-border,.section-title-wrapper .title-separator.separator-border:after, .section-title-wrapper .title-separator.separator-border:before { background-color: ; }.shortcode-rand-2.section-title-wrapper .sub-title { color: #6abe52; }.shortcode-rand-2.section-title-wrapper &gt; *:nth-child(1) { margin-bottom: 25px; }.shortcode-rand-2.section-title-wrapper &gt; *:nth-child(2) { margin-bottom: 20px; }.shortcode-rand-2 .section-title { color: #ef2818; text-transform: none; }&quot;\"><div class=\"title-wrap bg-title-enabled\"><h2 class=\"section-title\">Szolg\u00e1ltat\u00e1saink<\/h2><span class=\"title-separator separator-border theme-color-bg\"><\/span><\/div><!-- .title-wrap --><div class=\"section-description\">A Redstone Trade Kft. f\u00f6ldg\u00e1z kereskedelmi enged\u00e9llyel rendelkez\u0151 Magyarorsz\u00e1gon bejegyzett t\u00e1rsas\u00e1g. Csapatunk t\u00f6bb \u00e9vtizedes tapasztalattal rendelkez\u0151 szakemberekb\u0151l \u00e1ll a hazai \u00e9s a nemzetk\u00f6zi energiakereskedelem, a beszerz\u00e9s, az \u00e9rt\u00e9kes\u00edt\u00e9s, a p\u00e9nz\u00fcgyek, a piaci elemz\u00e9s \u00e9s a kock\u00e1zatkezel\u00e9s ter\u00e9n.<\/p>\n<p>Kiemelked\u0151 piaci ismeret\u00fcnk, innovat\u00edv keresked\u00e9si strat\u00e9gi\u00e1ink \u00e9s az \u00fcgyf\u00e9l -el\u00e9gedetts\u00e9g ir\u00e1nti elk\u00f6telezetts\u00e9g\u00fcnk k\u00fcl\u00f6nb\u00f6ztet meg minket a versenyt\u00e1rsainkt\u00f3l.<\/div><!-- .section-description --><div class=\"button-section\"><\/div><!-- .button-section --><\/div><!-- .section-title-wrapper --><\/div><\/div><\/div><div class=\"vc_order-1 wpb_column vc_column_container vc_col-sm-6\"><div class=\"vc_column-inner\"><div class=\"wpb_wrapper\">\n\t<div  class=\"wpb_single_image wpb_content_element vc_align_left   with-bg-color with-bg-color-back\">\n\t\t\n\t\t<figure class=\"wpb_wrapper vc_figure\">\n\t\t\t<div class=\"vc_single_image-wrapper   vc_box_border_grey\"><img loading=\"lazy\" decoding=\"async\" width=\"833\" height=\"555\" src=\"https:\/\/redstone.hu\/wp-content\/uploads\/2024\/03\/company-who-we-are-img.jpg\" class=\"vc_single_image-img attachment-full\" alt=\"\" title=\"company-who-we-are-img\" srcset=\"https:\/\/redstone.hu\/wp-content\/uploads\/2024\/03\/company-who-we-are-img.jpg 833w, https:\/\/redstone.hu\/wp-content\/uploads\/2024\/03\/company-who-we-are-img-768x512.jpg 768w, https:\/\/redstone.hu\/wp-content\/uploads\/2024\/03\/company-who-we-are-img-18x12.jpg 18w\" sizes=\"auto, (max-width: 833px) 100vw, 833px\" \/><\/div>\n\t\t<\/figure>\n\t<\/div>\n<\/div><\/div><\/div><\/div><div class=\"vc_row-full-width vc_clearfix\"><\/div><div data-vc-full-width=\"true\" data-vc-full-width-init=\"false\" class=\"vc_row wpb_row vc_row-fluid vc_custom_1711637423570 vc_row-o-equal-height vc_row-o-content-middle vc_row-flex\"><div class=\"wpb_column vc_column_container vc_col-sm-6\"><div class=\"vc_column-inner\"><div class=\"wpb_wrapper\">\n\t<div  class=\"wpb_single_image wpb_content_element vc_align_left   with-bg-color-left with-bg-color-back\">\n\t\t\n\t\t<figure class=\"wpb_wrapper vc_figure\">\n\t\t\t<div class=\"vc_single_image-wrapper   vc_box_border_grey\"><img loading=\"lazy\" decoding=\"async\" width=\"834\" height=\"555\" src=\"https:\/\/redstone.hu\/wp-content\/uploads\/2024\/03\/company-who-we-are-img-2.jpg\" class=\"vc_single_image-img attachment-full\" alt=\"\" title=\"company-who-we-are-img-2\" srcset=\"https:\/\/redstone.hu\/wp-content\/uploads\/2024\/03\/company-who-we-are-img-2.jpg 834w, https:\/\/redstone.hu\/wp-content\/uploads\/2024\/03\/company-who-we-are-img-2-768x511.jpg 768w, https:\/\/redstone.hu\/wp-content\/uploads\/2024\/03\/company-who-we-are-img-2-18x12.jpg 18w\" sizes=\"auto, (max-width: 834px) 100vw, 834px\" \/><\/div>\n\t\t<\/figure>\n\t<\/div>\n<\/div><\/div><\/div><div class=\"pl-md-5 wpb_column vc_column_container vc_col-sm-6\"><div class=\"vc_column-inner\"><div class=\"wpb_wrapper\"><div class=\"section-title-wrapper shortcode-rand-4 breno-inline-css\" data-css=\"&quot;.shortcode-rand-4 .background-title { font-family:Dancing Script;font-weight:700;font-style:normal }.shortcode-rand-4 .background-title { color: #f0f0f0; }.shortcode-rand-4.section-title-wrapper .sub-title { color: #6abe52; }.shortcode-rand-4.section-title-wrapper &gt; *:nth-child(1) { margin-bottom: 25px; }.shortcode-rand-4.section-title-wrapper &gt; *:nth-child(2) { margin-bottom: 20px; }.shortcode-rand-4 .section-title { color: #ef2818; text-transform: none; }&quot;\"><div class=\"title-wrap bg-title-enabled\"><h2 class=\"section-title\"><\/h2><\/div><!-- .title-wrap --><div class=\"section-description\">A legkorszer\u0171bb technol\u00f3gi\u00e1t \u00e9s a piac dinamik\u00e1j\u00e1nak m\u00e9lyrehat\u00f3 meg\u00e9rt\u00e9s\u00e9t alkalmazzuk, hogy \u00fcgyfeleink sz\u00e1m\u00e1ra minden alkalommal az optim\u00e1lis eredm\u00e9nyt biztos\u00edtsuk.<\/p>\n<p>Magyarorsz\u00e1gon az elm\u00falt \u00e9vekben komoly infrastruktur\u00e1lis fejl\u0151d\u00e9s t\u00f6rt\u00e9nt a diverzifik\u00e1ci\u00f3 \u00e9rdek\u00e9ben, folyamatos az interkonnektorok fejleszt\u00e9se, a h\u00e1l\u00f3zatb\u0151v\u00edt\u00e9s \u00e9s a vezet\u00e9kek \u00e9p\u00edt\u00e9se. T\u00f6bb, mint 6 Mrd m3 az orsz\u00e1g f\u00f6ldg\u00e1z t\u00e1rol\u00f3i kapacit\u00e1sa, \u00e9s kiemelked\u0151en prosper\u00e1lnak az energiat\u0151zsd\u00e9k.<\/p>\n<p>\u00dcgyfeleink sz\u00e1m\u00e1ra a magyar mellett angol, n\u00e9met \u00e9s orosz nyelven biztos\u00edtjuk a kapcsolattart\u00e1st.<\/div><!-- .section-description --><div class=\"button-section\"><\/div><!-- .button-section --><\/div><!-- .section-title-wrapper --><\/div><\/div><\/div><\/div><div class=\"vc_row-full-width vc_clearfix\"><\/div>\n<\/div>","protected":false},"excerpt":{"rendered":"What We OfferRedstone Trade Ltd. is a company registered in Hungary with a natural gas trading license. Our team consists of professionals with decades of experience in domestic and international energy trading, procurement, sales, finance, market analysis and risk management. Our outstanding market knowledge, innovative trading strategies and commitment to customer satisfaction set us apart","protected":false},"author":1,"featured_media":0,"parent":0,"menu_order":0,"comment_status":"closed","ping_status":"closed","template":"","meta":{"footnotes":""},"class_list":["post-5825","page","type-page","status-publish","hentry"],"_links":{"self":[{"href":"https:\/\/redstone.hu\/hun\/wp-json\/wp\/v2\/pages\/5825","targetHints":{"allow":["GET"]}}],"collection":[{"href":"https:\/\/redstone.hu\/hun\/wp-json\/wp\/v2\/pages"}],"about":[{"href":"https:\/\/redstone.hu\/hun\/wp-json\/wp\/v2\/types\/page"}],"author":[{"embeddable":true,"href":"https:\/\/redstone.hu\/hun\/wp-json\/wp\/v2\/users\/1"}],"replies":[{"embeddable":true,"href":"https:\/\/redstone.hu\/hun\/wp-json\/wp\/v2\/comments?post=5825"}],"version-history":[{"count":5,"href":"https:\/\/redstone.hu\/hun\/wp-json\/wp\/v2\/pages\/5825\/revisions"}],"predecessor-version":[{"id":5903,"href":"https:\/\/redstone.hu\/hun\/wp-json\/wp\/v2\/pages\/5825\/revisions\/5903"}],"wp:attachment":[{"href":"https:\/\/redstone.hu\/hun\/wp-json\/wp\/v2\/media?parent=5825"}],"curies":[{"name":"wp","href":"https:\/\/api.w.org\/{rel}","templated":true}]}}