{"id":5826,"date":"2024-03-28T13:12:58","date_gmt":"2024-03-28T13:12:58","guid":{"rendered":"https:\/\/redstone.designermints.com\/?page_id=5826"},"modified":"2024-03-29T13:15:29","modified_gmt":"2024-03-29T13:15:29","slug":"home","status":"publish","type":"page","link":"https:\/\/redstone.hu\/hun\/","title":{"rendered":"F\u0151oldal"},"content":{"rendered":"<div class=\"wpb-content-wrapper\"><div data-vc-full-width=\"true\" data-vc-full-width-init=\"false\" class=\"vc_row wpb_row vc_row-fluid hero-area vc_custom_1711640388568 vc_row-has-fill\"><div class=\"wpb_column vc_column_container vc_col-sm-12\"><div class=\"vc_column-inner\"><div class=\"wpb_wrapper\">\n\t<div class=\"wpb_text_column wpb_content_element  vc_custom_1711577946254 hero-area\" >\n\t\t<div class=\"wpb_wrapper\">\n\t\t\t<h1 style=\"text-align: center;\">Energi\u00e1t \u00e9s lend\u00fcletet adunk n\u00f6veked\u00e9s\u00e9hez<\/h1>\n<p style=\"text-align: center;\">Redstone Trade, Megb\u00edzhat\u00f3 partnere az energiakereskedelemben<\/p>\n\n\t\t<\/div>\n\t<\/div>\n<\/div><\/div><\/div><\/div><div class=\"vc_row-full-width vc_clearfix\"><\/div><div data-vc-full-width=\"true\" data-vc-full-width-init=\"false\" class=\"vc_row wpb_row vc_row-fluid bg-pos-left-top vc_custom_1711630891666 vc_row-has-fill vc_row-o-equal-height vc_row-o-content-middle vc_row-flex\"><div class=\"mob-border-0 hero-sub-area wpb_column vc_column_container vc_col-sm-12 vc_col-lg-6 vc_col-md-6 vc_col-has-fill\"><div class=\"vc_column-inner vc_custom_1711578084696\"><div class=\"wpb_wrapper\">\n\t<div class=\"wpb_text_column wpb_content_element  vc_custom_1711491257012 typo-dark\" >\n\t\t<div class=\"wpb_wrapper\">\n\t\t\t<h3 style=\"text-align: right;\">Redstone Trade<\/h3>\n<p style=\"text-align: right;\">Az \u00d6n energiakereskedelmi partnere<\/p>\n\n\t\t<\/div>\n\t<\/div>\n<\/div><\/div><\/div><div class=\"sub-hero-text wpb_column vc_column_container vc_col-sm-12 vc_col-lg-6 vc_col-md-6\"><div class=\"vc_column-inner\"><div class=\"wpb_wrapper\">\n\t<div class=\"wpb_text_column wpb_content_element  vc_custom_1711490805471\" >\n\t\t<div class=\"wpb_wrapper\">\n\t\t\t<p>A Redstone Trade b\u00fcszke arra, hogy Magyarorsz\u00e1g sz\u00edv\u00e9ben m\u0171k\u00f6d\u0151 \u00e9lvonalbeli energiakereskedelmi v\u00e1llalat vagyunk. A kiv\u00e1l\u00f3 teljes\u00edtm\u00e9nyt \u00e9s az innov\u00e1ci\u00f3t szem el\u0151tt tartva olyan \u00e1tfog\u00f3 szolg\u00e1ltat\u00e1sokat k\u00edn\u00e1lunk, amelyek c\u00e9lja, hogy megfeleljenek \u00fcgyfeleink elt\u00e9r\u0151 ig\u00e9nyeinek a dinamikusan v\u00e1ltoz\u00f3 energiapiaci k\u00f6rnyezetben.<\/p>\n<p>A Redstone Trade t\u00f6bb, mint egy energiakereskedelmi v\u00e1llalat - mi az \u00d6n strat\u00e9giai partnere vagyunk a sikere el\u00e9r\u00e9s\u00e9hez.<\/p>\n\n\t\t<\/div>\n\t<\/div>\n<\/div><\/div><\/div><\/div><div class=\"vc_row-full-width vc_clearfix\"><\/div><div data-vc-full-width=\"true\" data-vc-full-width-init=\"false\" class=\"vc_row wpb_row vc_row-fluid vc_custom_1711630873985 vc_row-has-fill\"><div class=\"wpb_column vc_column_container vc_col-sm-12\"><div class=\"vc_column-inner\"><div class=\"wpb_wrapper\"><div class=\"section-title-wrapper shortcode-rand-4 breno-inline-css\" data-css=\"&quot;.shortcode-rand-4 .background-title { font-family:Dancing Script;font-weight:700;font-style:normal }.shortcode-rand-4 .background-title { color: #f0f0f0; }.shortcode-rand-4 .title-separator.separator-border,.section-title-wrapper .title-separator.separator-border:after, .section-title-wrapper .title-separator.separator-border:before { background-color: ; }.shortcode-rand-4.section-title-wrapper .sub-title { color: #6abe52; }.shortcode-rand-4.section-title-wrapper &gt; *:nth-child(1) { margin-bottom: 25px; }.shortcode-rand-4.section-title-wrapper &gt; *:nth-child(2) { margin-bottom: 20px; }.shortcode-rand-4 .section-title { color: #ef2818; text-transform: none; }&quot;\"><div class=\"title-wrap bg-title-enabled\"><h2 class=\"section-title\">Szolg\u00e1ltat\u00e1saink<\/h2><span class=\"title-separator separator-border theme-color-bg\"><\/span><\/div><!-- .title-wrap --><div class=\"section-description\">A Redstone Trade teljes k\u00f6r\u0171 szolg\u00e1ltat\u00e1scsomagot k\u00edn\u00e1l az \u00d6n energiakereskedelmi ig\u00e9nyeihez. Az egy\u00e9nre szabott p\u00e9nz\u00fcgyi eszk\u00f6z\u00f6k kereskedelm\u00e9t\u0151l, a beszerz\u00e9s \u00e9s \u00e9rt\u00e9kes\u00edt\u00e9sen \u00e1t a piacokra l\u00e9p\u00e9sig, biztos\u00edtjuk az \u00d6n siker\u00e9t. A Redstone Trade az \u00d6n megb\u00edzhat\u00f3 partnere a dinamikus energiapiacon.<\/div><!-- .section-description --><div class=\"button-section\"><\/div><!-- .button-section --><\/div><!-- .section-title-wrapper --><div class=\"services-wrapper services-card services-3 services-light shortcode-rand-5 breno-inline-css\" data-css=\"&quot;.shortcode-rand-5.services-wrapper .services-inner &gt; *:nth-child(1) { margin-bottom: 35px; }.shortcode-rand-5.services-wrapper .services-inner &gt; *:nth-child(2) { margin-bottom: 20px; }.shortcode-rand-5.services-wrapper .services-inner &gt; *:nth-child(3) { margin-bottom: 20px; }.shortcode-rand-5.services-wrapper .services-inner &gt; *:nth-child(4) { margin-bottom: 35px; }&quot;\"><div class=\"row\"><div class=\"col-lg-6 col-md-6\"><div class=\"services-inner\"><div class=\"services-thumb\"><img loading=\"lazy\" decoding=\"async\" width=\"440\" height=\"260\" src=\"https:\/\/redstone.hu\/wp-content\/uploads\/2024\/03\/01-financial-trading-img-440x260.jpg\" class=\"img-fluid wp-post-image\" alt=\"\" srcset=\"https:\/\/redstone.hu\/wp-content\/uploads\/2024\/03\/01-financial-trading-img-440x260.jpg 440w, https:\/\/redstone.hu\/wp-content\/uploads\/2024\/03\/01-financial-trading-img-220x130.jpg 220w\" sizes=\"auto, (max-width: 440px) 100vw, 440px\" \/><\/div><!-- .services-thumb --><div class=\"services-title\"><h4><a href=\"https:\/\/redstone.hu\/hun\/service\/financial-trading\/\" class=\"entry-title\">P\u00e9nz\u00fcgyi eszk\u00f6z\u00f6k kereskedelme<\/a><\/h4><\/div><!-- .services-title --><div class=\"services-excerpt\"><p>Testreszabott keresked\u00e9si megold\u00e1sok, bele\u00e9rtve a hat\u00e1rid\u0151s, opci\u00f3s, swap \u00e9s sz\u00e1rmaztatott \u00fcgyleteket.<\/p>\n<\/div><!-- .services-excerpt --><\/div><!-- .services-inner --><\/div><!-- .cols --><div class=\"col-lg-6 col-md-6\"><div class=\"services-inner\"><div class=\"services-thumb\"><img loading=\"lazy\" decoding=\"async\" width=\"440\" height=\"260\" src=\"https:\/\/redstone.hu\/wp-content\/uploads\/2024\/03\/02-procurement-img-440x260.jpg\" class=\"img-fluid wp-post-image\" alt=\"\" srcset=\"https:\/\/redstone.hu\/wp-content\/uploads\/2024\/03\/02-procurement-img-440x260.jpg 440w, https:\/\/redstone.hu\/wp-content\/uploads\/2024\/03\/02-procurement-img-220x130.jpg 220w\" sizes=\"auto, (max-width: 440px) 100vw, 440px\" \/><\/div><!-- .services-thumb --><div class=\"services-title\"><h4><a href=\"https:\/\/redstone.hu\/hun\/service\/procurement\/\" class=\"entry-title\">Beszerz\u00e9s<\/a><\/h4><\/div><!-- .services-title --><div class=\"services-excerpt\"><p>Megb\u00edzhat\u00f3 termel\u0151kt\u0151l t\u00f6rt\u00e9n\u0151 energia beszerz\u00e9se.<\/p>\n<\/div><!-- .services-excerpt --><\/div><!-- .services-inner --><\/div><!-- .cols --><\/div><!-- .row --><div class=\"row\"><div class=\"col-lg-6 col-md-6\"><div class=\"services-inner\"><div class=\"services-thumb\"><img loading=\"lazy\" decoding=\"async\" width=\"440\" height=\"260\" src=\"https:\/\/redstone.hu\/wp-content\/uploads\/2024\/03\/03-sales-img-440x260.jpg\" class=\"img-fluid wp-post-image\" alt=\"\" srcset=\"https:\/\/redstone.hu\/wp-content\/uploads\/2024\/03\/03-sales-img-440x260.jpg 440w, https:\/\/redstone.hu\/wp-content\/uploads\/2024\/03\/03-sales-img-220x130.jpg 220w\" sizes=\"auto, (max-width: 440px) 100vw, 440px\" \/><\/div><!-- .services-thumb --><div class=\"services-title\"><h4><a href=\"https:\/\/redstone.hu\/hun\/service\/sales\/\" class=\"entry-title\">\u00c9rt\u00e9kes\u00edt\u00e9s<\/a><\/h4><\/div><!-- .services-title --><div class=\"services-excerpt\"><p>A j\u00f6vedelmez\u0151s\u00e9g maximaliz\u00e1l\u00e1sa hat\u00e9kony \u00e9rt\u00e9kes\u00edt\u00e9si csatorn\u00e1kon kereszt\u00fcl.<\/p>\n<\/div><!-- .services-excerpt --><\/div><!-- .services-inner --><\/div><!-- .cols --><div class=\"col-lg-6 col-md-6\"><div class=\"services-inner\"><div class=\"services-thumb\"><img loading=\"lazy\" decoding=\"async\" width=\"440\" height=\"260\" src=\"https:\/\/redstone.hu\/wp-content\/uploads\/2024\/03\/04-market-access-img-440x260.jpg\" class=\"img-fluid wp-post-image\" alt=\"\" srcset=\"https:\/\/redstone.hu\/wp-content\/uploads\/2024\/03\/04-market-access-img-440x260.jpg 440w, https:\/\/redstone.hu\/wp-content\/uploads\/2024\/03\/04-market-access-img-220x130.jpg 220w\" sizes=\"auto, (max-width: 440px) 100vw, 440px\" \/><\/div><!-- .services-thumb --><div class=\"services-title\"><h4><a href=\"https:\/\/redstone.hu\/hun\/service\/market-access\/\" class=\"entry-title\">Piacok el\u00e9r\u00e9se<\/a><\/h4><\/div><!-- .services-title --><div class=\"services-excerpt\"><p>Hozz\u00e1f\u00e9r\u00e9s a k\u00fcl\u00f6nb\u00f6z\u0151 piacokhoz: spot, t\u0151zsdei \u00e9s t\u0151zsd\u00e9n k\u00edv\u00fcli piacok.<\/p>\n<\/div><!-- .services-excerpt --><\/div><!-- .services-inner --><\/div><!-- .cols --><\/div><!-- .row --><\/div><!-- .services-wrapper --><\/div><\/div><\/div><\/div><div class=\"vc_row-full-width vc_clearfix\"><\/div>\n<\/div>","protected":false},"excerpt":{"rendered":"Lorem Ipsum este pur \u015fi simplu o machet\u0103 pentru text a industriei tipografice. Lorem Ipsum a fost macheta standard a industriei \u00eenc\u0103 din secolul al XVI-lea, c\u00e2nd un tipograf anonim a luat o plan\u015fet\u0103 de litere \u015fi le-a amestecat pentru a crea o carte demonstrativ\u0103 pentru literele respective. Nu doar","protected":false},"author":1,"featured_media":0,"parent":0,"menu_order":0,"comment_status":"closed","ping_status":"closed","template":"","meta":{"footnotes":""},"class_list":["post-5826","page","type-page","status-publish","hentry"],"_links":{"self":[{"href":"https:\/\/redstone.hu\/hun\/wp-json\/wp\/v2\/pages\/5826","targetHints":{"allow":["GET"]}}],"collection":[{"href":"https:\/\/redstone.hu\/hun\/wp-json\/wp\/v2\/pages"}],"about":[{"href":"https:\/\/redstone.hu\/hun\/wp-json\/wp\/v2\/types\/page"}],"author":[{"embeddable":true,"href":"https:\/\/redstone.hu\/hun\/wp-json\/wp\/v2\/users\/1"}],"replies":[{"embeddable":true,"href":"https:\/\/redstone.hu\/hun\/wp-json\/wp\/v2\/comments?post=5826"}],"version-history":[{"count":5,"href":"https:\/\/redstone.hu\/hun\/wp-json\/wp\/v2\/pages\/5826\/revisions"}],"predecessor-version":[{"id":5912,"href":"https:\/\/redstone.hu\/hun\/wp-json\/wp\/v2\/pages\/5826\/revisions\/5912"}],"wp:attachment":[{"href":"https:\/\/redstone.hu\/hun\/wp-json\/wp\/v2\/media?parent=5826"}],"curies":[{"name":"wp","href":"https:\/\/api.w.org\/{rel}","templated":true}]}}